{"id":137,"date":"2017-11-24T22:00:02","date_gmt":"2017-11-24T21:00:02","guid":{"rendered":"http:\/\/ama.ama-technology.com\/press\/?page_id=137"},"modified":"2018-11-28T14:40:46","modified_gmt":"2018-11-28T13:40:46","slug":"data-protection-policy","status":"publish","type":"page","link":"https:\/\/ama-technology.de\/press\/data-protection-policy\/","title":{"rendered":"DATA PROTECTION POLICY"},"content":{"rendered":"<p><strong>Datenschutzerkl\u00e4rung AMA Technology GmbH<\/strong><br \/>\n<strong>Datenschutz<\/strong><br \/>\nDie Betreiber dieser Seiten nehmen den Schutz Ihrer pers\u00f6nlichen Daten sehr ernst. Wir behandeln Ihre<br \/>\npersonenbezogenen Daten vertraulich und entsprechend der gesetzlichen Datenschutzvorschriften sowie<br \/>\ndieser Datenschutzerkl\u00e4rung.<br \/>\nDie Nutzung unserer Website ist in der Regel ohne Angabe personenbezogener Daten m\u00f6glich. Soweit<br \/>\nauf unseren Seiten personenbezogene Daten (beispielsweise Name, Anschrift oder E-Mail-Adressen)<br \/>\nerhoben werden, erfolgt dies, soweit m\u00f6glich, stets auf freiwilliger Basis. Diese Daten werden ohne Ihre<br \/>\nausdr\u00fcckliche Zustimmung nicht an Dritte weitergegeben.<br \/>\nWir weisen darauf hin, dass die Daten\u00fcbertragung im Internet (z.B. bei der Kommunikation per E-Mail)<br \/>\nSicherheitsl\u00fccken aufweisen kann. Ein l\u00fcckenloser Schutz der Daten vor dem Zugriff durch Dritte ist nicht<br \/>\nm\u00f6glich.<br \/>\n<strong>Cookies<\/strong><br \/>\nDie Internetseiten verwenden teilweise so genannte Cookies. Cookies richten auf Ihrem Rechner keinen<br \/>\nSchaden an und enthalten keine Viren. Cookies dienen dazu, unser Angebot nutzerfreundlicher, effektiver<br \/>\nund sicherer zu machen. Cookies sind kleine Textdateien, die auf Ihrem Rechner abgelegt werden und<br \/>\ndie Ihr Browser speichert.<br \/>\nDie meisten der von uns verwendeten Cookies sind so genannte \u201eSession-Cookies\u201c. Sie werden nach<br \/>\nEnde Ihres Besuchs automatisch gel\u00f6scht. Andere Cookies bleiben auf Ihrem Endger\u00e4t gespeichert, bis<br \/>\nSie diese l\u00f6schen. Diese Cookies erm\u00f6glichen es uns, Ihren Browser beim n\u00e4chsten Besuch<br \/>\nwiederzuerkennen.<br \/>\nSie k\u00f6nnen Ihren Browser so einstellen, dass Sie \u00fcber das Setzen von Cookies informiert werden und<br \/>\nCookies nur im Einzelfall erlauben, die Annahme von Cookies f\u00fcr bestimmte F\u00e4lle oder generell<br \/>\nausschlie\u00dfen sowie das automatische L\u00f6schen der Cookies beim Schlie\u00dfen des Browser aktivieren. Bei<br \/>\nder Deaktivierung von Cookies kann die Funktionalit\u00e4t dieser Website eingeschr\u00e4nkt sein.<br \/>\n<strong>Newsletterdaten<\/strong><br \/>\nWenn Sie den auf der Website angebotenen Newsletter beziehen m\u00f6chten, ben\u00f6tigen wir von Ihnen eine<br \/>\nE-Mail-Adresse sowie Informationen, welche uns die \u00dcberpr\u00fcfung gestatten, dass Sie der Inhaber der<br \/>\nangegebenen E-Mail-Adresse sind und mit dem Empfang des Newsletters einverstanden sind. Weitere<br \/>\nDaten werden nicht erhoben. Diese Daten verwenden wir ausschlie\u00dflich f\u00fcr den Versand der<br \/>\nangeforderten Informationen und geben sie nicht an Dritte weiter.<br \/>\nDie erteilte Einwilligung zur Speicherung der Daten, der E-Mail-Adresse sowie deren Nutzung zum<br \/>\nVersand des Newsletters k\u00f6nnen Sie jederzeit widerrufen, etwa \u00fcber den &#8222;Austragen&#8220;-Link im Newsletter.<\/p>\n<p><strong>Facebook-Plugins (Like-Button)<\/strong><br \/>\nAuf unseren Seiten sind Plugins des sozialen Netzwerks Facebook, Anbieter Facebook Inc., 1 Hacker<br \/>\nWay, Menlo Park, California 94025, USA, integriert. Die Facebook-Plugins erkennen Sie an dem<br \/>\nFacebook-Logo oder dem &#8222;Like-Button&#8220; (&#8222;Gef\u00e4llt mir&#8220;) auf unserer Seite. Eine \u00dcbersicht \u00fcber die<br \/>\nFacebook-Plugins finden Sie hier: https:\/\/developers.facebook.com\/docs\/plugins\/.<br \/>\nWenn Sie unsere Seiten besuchen, wird \u00fcber das Plugin eine direkte Verbindung zwischen Ihrem<br \/>\nBrowser und dem Facebook-Server hergestellt. Facebook erh\u00e4lt dadurch die Information, dass Sie mit<br \/>\nIhrer IP-Adresse unsere Seite besucht haben. Wenn Sie den Facebook &#8222;Like-Button&#8220; anklicken w\u00e4hrend<br \/>\nSie in Ihrem Facebook-Account eingeloggt sind, k\u00f6nnen Sie die Inhalte unserer Seiten auf Ihrem<br \/>\nFacebook-Profil verlinken. Dadurch kann Facebook den Besuch unserer Seiten Ihrem Benutzerkonto<br \/>\nzuordnen. Wir weisen darauf hin, dass wir als Anbieter der Seiten keine Kenntnis vom Inhalt der<br \/>\n\u00fcbermittelten Daten sowie deren Nutzung durch Facebook erhalten. Weitere Informationen hierzu finden<br \/>\nSie in der Datenschutzerkl\u00e4rung von Facebook unter https:\/\/de-de.facebook.com\/policy.php.<br \/>\nWenn Sie nicht w\u00fcnschen, dass Facebook den Besuch unserer Seiten Ihrem Facebook-Nutzerkonto<br \/>\nzuordnen kann, loggen Sie sich bitte aus Ihrem Facebook-Benutzerkonto aus.<br \/>\n<strong>Twitter<\/strong><br \/>\nAuf unseren Seiten sind Funktionen des Dienstes Twitter eingebunden. Diese Funktionen werden<br \/>\nangeboten durch die Twitter Inc., 1355 Market Street, Suite 900, San Francisco, CA 94103, USA. Durch<br \/>\ndas Benutzen von Twitter und der Funktion &#8222;Re-Tweet&#8220; werden die von Ihnen besuchten Websites mit<br \/>\nIhrem Twitter-Account verkn\u00fcpft und anderen Nutzern bekannt gegeben. Dabei werden auch Daten an<br \/>\nTwitter \u00fcbertragen. Wir weisen darauf hin, dass wir als Anbieter der Seiten keine Kenntnis vom Inhalt der<br \/>\n\u00fcbermittelten Daten sowie deren Nutzung durch Twitter erhalten. Weitere Informationen hierzu finden Sie<br \/>\nin der Datenschutzerkl\u00e4rung von Twitter unter https:\/\/twitter.com\/privacy.<br \/>\nIhre Datenschutzeinstellungen bei Twitter k\u00f6nnen Sie in den Konto-Einstellungen unter:<br \/>\nhttps:\/\/twitter.com\/account\/settings \u00e4ndern.<br \/>\n<strong>Google+<\/strong><br \/>\nUnsere Seiten nutzen Funktionen von Google+. Anbieter ist die Google Inc., 1600 Amphitheatre Parkway<br \/>\nMountain View, CA 94043, USA.<br \/>\nErfassung und Weitergabe von Informationen: Mithilfe der Google+-Schaltfl\u00e4che k\u00f6nnen Sie<br \/>\nInformationen weltweit ver\u00f6ffentlichen. \u00dcber die Google+-Schaltfl\u00e4che erhalten Sie und andere Nutzer<br \/>\npersonalisierte Inhalte von Google und unseren Partnern. Google speichert sowohl die Information, dass<br \/>\nSie f\u00fcr einen Inhalt +1 gegeben haben, als auch Informationen \u00fcber die Seite, die Sie beim Klicken auf +1<br \/>\nangesehen haben. Ihre +1 k\u00f6nnen als Hinweise zusammen mit Ihrem Profilnamen und Ihrem Foto in<br \/>\nGoogle-Diensten, wie etwa in Suchergebnissen oder in Ihrem Google-Profil, oder an anderen Stellen auf<br \/>\nWebsites und Anzeigen im Internet eingeblendet werden.<br \/>\nGoogle zeichnet Informationen \u00fcber Ihre +1-Aktivit\u00e4ten auf, um die Google-Dienste f\u00fcr Sie und andere zu<br \/>\nverbessern. Um die Google+-Schaltfl\u00e4che verwenden zu k\u00f6nnen, ben\u00f6tigen Sie ein weltweit sichtbares,<br \/>\n\u00f6ffentliches Google-Profil, das zumindest den f\u00fcr das Profil gew\u00e4hlten Namen enthalten muss. Dieser<br \/>\nName wird in allen Google-Diensten verwendet. In manchen F\u00e4llen kann dieser Name auch einen<br \/>\nanderen Namen ersetzen, den Sie beim Teilen von Inhalten \u00fcber Ihr Google-Konto verwendet haben. Die<br \/>\nIdentit\u00e4t Ihres Google-Profils kann Nutzern angezeigt werden, die Ihre E-Mail-Adresse kennen oder \u00fcber<br \/>\nandere identifizierende Informationen von Ihnen verf\u00fcgen.<br \/>\nVerwendung der erfassten Informationen: Neben den oben erl\u00e4uterten Verwendungszwecken werden die<br \/>\nvon Ihnen bereitgestellten Informationen gem\u00e4\u00df den geltenden Google-Datenschutzbestimmungen<br \/>\ngenutzt. Google ver\u00f6ffentlicht m\u00f6glicherweise zusammengefasste Statistiken \u00fcber die +1-Aktivit\u00e4ten der<br \/>\nNutzer bzw. gibt diese an Nutzer und Partner weiter, wie etwa Publisher, Inserenten oder verbundene<br \/>\nWebsites.<br \/>\n<strong>LinkedIn<\/strong><br \/>\nUnsere Website nutzt Funktionen des Netzwerks LinkedIn. Anbieter ist die LinkedIn Corporation, 2029<br \/>\nStierlin Court, Mountain View, CA 94043, USA. Bei jedem Abruf einer unserer Seiten, die Funktionen von<br \/>\nLinkedIn enth\u00e4lt, wird eine Verbindung zu Servern von LinkedIn aufbaut. LinkedIn wird dar\u00fcber informiert,<br \/>\ndass Sie unsere Internetseiten mit Ihrer IP-Adresse besucht haben. Wenn Sie den &#8222;Recommend-Button&#8220;<br \/>\nvon LinkedIn anklicken und in Ihrem Account bei LinkedIn eingeloggt sind, ist es LinkedIn m\u00f6glich, Ihren<br \/>\nBesuch auf unserer Internetseite Ihnen und Ihrem Benutzerkonto zuzuordnen. Wir weisen darauf hin,<br \/>\ndass wir als Anbieter der Seiten keine Kenntnis vom Inhalt der \u00fcbermittelten Daten sowie deren Nutzung<br \/>\ndurch LinkedIn haben.<br \/>\nWeitere Informationen hierzu finden Sie in der Datenschutzerkl\u00e4rung von LinkedIn unter:<br \/>\nhttps:\/\/www.linkedin.com\/legal\/privacy-policy<br \/>\n<strong>XING<\/strong><br \/>\nUnsere Website nutzt Funktionen des Netzwerks XING. Anbieter ist die XING AG, Dammtorstra\u00dfe 29-32,<br \/>\n20354 Hamburg, Deutschland. Bei jedem Abruf einer unserer Seiten, die Funktionen von XING enth\u00e4lt,<br \/>\nwird eine Verbindung zu Servern von XING hergestellt. Eine Speicherung von personenbezogenen Daten<br \/>\nerfolgt dabei nach unserer Kenntnis nicht. Insbesondere werden keine IP-Adressen gespeichert oder das<br \/>\nNutzungsverhalten ausgewertet.<br \/>\nWeitere Information zum Datenschutz und dem XING Share-Button finden Sie in der<br \/>\nDatenschutzerkl\u00e4rung von XING unter: https:\/\/www.xing.com\/app\/share?op=data_protection<\/p>\n<p><strong>Widerspruch Werbe-Mails<\/strong><br \/>\nDer Nutzung von im Rahmen der Impressumspflicht ver\u00f6ffentlichten Kontaktdaten zur \u00dcbersendung von<br \/>\nnicht ausdr\u00fccklich angeforderter Werbung und Informationsmaterialien wird hiermit widersprochen. Die<br \/>\nBetreiber der Seiten behalten sich ausdr\u00fccklich rechtliche Schritte im Falle der unverlangten Zusendung<br \/>\nvon Werbeinformationen, etwa durch Spam-E-Mails, vor.<br \/>\nQuelle: https:\/\/www.e-recht24.de\/muster-datenschutzerklaerung.html<\/p>\n","protected":false},"excerpt":{"rendered":"<p>Datenschutzerkl\u00e4rung AMA Technology GmbH Datenschutz Die Betreiber dieser Seiten nehmen den Schutz Ihrer pers\u00f6nlichen Daten sehr ernst. Wir behandeln Ihre personenbezogenen Daten vertraulich und entsprechend der<span class=\"excerpt-hellip\"> [\u2026]<\/span><\/p>\n","protected":false},"author":1,"featured_media":0,"parent":0,"menu_order":0,"comment_status":"closed","ping_status":"closed","template":"","meta":[],"yoast_head":"<!-- This site is optimized with the Yoast SEO plugin v19.6 - https:\/\/yoast.com\/wordpress\/plugins\/seo\/ -->\n<title>DATA PROTECTION POLICY - AMA Technology GmbH<\/title>\n<meta name=\"description\" content=\"Datenschutzinformationen, Datenschutzerkl\u00e4rung der AMA technology GmbH in Germany\" \/>\n<meta name=\"robots\" content=\"index, follow, max-snippet:-1, max-image-preview:large, max-video-preview:-1\" \/>\n<link rel=\"canonical\" href=\"https:\/\/ama-technology.de\/press\/data-protection-policy\/\" \/>\n<meta property=\"og:locale\" content=\"de_DE\" \/>\n<meta property=\"og:type\" content=\"article\" \/>\n<meta property=\"og:title\" content=\"DATA PROTECTION POLICY - AMA Technology GmbH\" \/>\n<meta property=\"og:description\" content=\"Datenschutzinformationen, Datenschutzerkl\u00e4rung der AMA technology GmbH in Germany\" \/>\n<meta property=\"og:url\" content=\"https:\/\/ama-technology.de\/press\/data-protection-policy\/\" \/>\n<meta property=\"og:site_name\" content=\"AMA Technology GmbH\" \/>\n<meta property=\"article:publisher\" content=\"https:\/\/www.facebook.com\/amatechnologygermany\/\" \/>\n<meta property=\"article:modified_time\" content=\"2018-11-28T13:40:46+00:00\" \/>\n<meta name=\"twitter:card\" content=\"summary_large_image\" \/>\n<meta name=\"twitter:site\" content=\"@Amatechnologie\" \/>\n<meta name=\"twitter:label1\" content=\"Gesch\u00e4tzte Lesezeit\" \/>\n\t<meta name=\"twitter:data1\" content=\"6\u00a0Minuten\" \/>\n<script type=\"application\/ld+json\" class=\"yoast-schema-graph\">{\"@context\":\"https:\/\/schema.org\",\"@graph\":[{\"@type\":\"WebPage\",\"@id\":\"https:\/\/ama-technology.de\/press\/data-protection-policy\/\",\"url\":\"https:\/\/ama-technology.de\/press\/data-protection-policy\/\",\"name\":\"DATA PROTECTION POLICY - AMA Technology GmbH\",\"isPartOf\":{\"@id\":\"https:\/\/ama-technology.de\/press\/#website\"},\"datePublished\":\"2017-11-24T21:00:02+00:00\",\"dateModified\":\"2018-11-28T13:40:46+00:00\",\"description\":\"Datenschutzinformationen, Datenschutzerkl\u00e4rung der AMA technology GmbH in Germany\",\"breadcrumb\":{\"@id\":\"https:\/\/ama-technology.de\/press\/data-protection-policy\/#breadcrumb\"},\"inLanguage\":\"de\",\"potentialAction\":[{\"@type\":\"ReadAction\",\"target\":[\"https:\/\/ama-technology.de\/press\/data-protection-policy\/\"]}]},{\"@type\":\"BreadcrumbList\",\"@id\":\"https:\/\/ama-technology.de\/press\/data-protection-policy\/#breadcrumb\",\"itemListElement\":[{\"@type\":\"ListItem\",\"position\":1,\"name\":\"Startseite\",\"item\":\"https:\/\/ama-technology.de\/press\/\"},{\"@type\":\"ListItem\",\"position\":2,\"name\":\"DATA PROTECTION POLICY\"}]},{\"@type\":\"WebSite\",\"@id\":\"https:\/\/ama-technology.de\/press\/#website\",\"url\":\"https:\/\/ama-technology.de\/press\/\",\"name\":\"AMA Technology GmbH\",\"description\":\"AMA Technology GmbH is one of the leading EPC companies for Engineering and Planning of PV Projects based in Germany\",\"publisher\":{\"@id\":\"https:\/\/ama-technology.de\/press\/#organization\"},\"potentialAction\":[{\"@type\":\"SearchAction\",\"target\":{\"@type\":\"EntryPoint\",\"urlTemplate\":\"https:\/\/ama-technology.de\/press\/?s={search_term_string}\"},\"query-input\":\"required name=search_term_string\"}],\"inLanguage\":\"de\"},{\"@type\":\"Organization\",\"@id\":\"https:\/\/ama-technology.de\/press\/#organization\",\"name\":\"AMA Technology GmbH\",\"url\":\"https:\/\/ama-technology.de\/press\/\",\"sameAs\":[\"https:\/\/www.linkedin.com\/in\/ama-technology-gmbh-a06425116\/\",\"https:\/\/www.facebook.com\/amatechnologygermany\/\",\"https:\/\/twitter.com\/Amatechnologie\"],\"logo\":{\"@type\":\"ImageObject\",\"inLanguage\":\"de\",\"@id\":\"https:\/\/ama-technology.de\/press\/#\/schema\/logo\/image\/\",\"url\":\"https:\/\/i0.wp.com\/ama-technology.de\/press\/wp-content\/uploads\/2018\/11\/AMA-TECHNOLOGY-LOGO-wfRGB25.png?fit=4724%2C2006&ssl=1\",\"contentUrl\":\"https:\/\/i0.wp.com\/ama-technology.de\/press\/wp-content\/uploads\/2018\/11\/AMA-TECHNOLOGY-LOGO-wfRGB25.png?fit=4724%2C2006&ssl=1\",\"width\":4724,\"height\":2006,\"caption\":\"AMA Technology GmbH\"},\"image\":{\"@id\":\"https:\/\/ama-technology.de\/press\/#\/schema\/logo\/image\/\"}}]}<\/script>\n<!-- \/ Yoast SEO plugin. -->","yoast_head_json":{"title":"DATA PROTECTION POLICY - AMA Technology GmbH","description":"Datenschutzinformationen, Datenschutzerkl\u00e4rung der AMA technology GmbH in Germany","robots":{"index":"index","follow":"follow","max-snippet":"max-snippet:-1","max-image-preview":"max-image-preview:large","max-video-preview":"max-video-preview:-1"},"canonical":"https:\/\/ama-technology.de\/press\/data-protection-policy\/","og_locale":"de_DE","og_type":"article","og_title":"DATA PROTECTION POLICY - AMA Technology GmbH","og_description":"Datenschutzinformationen, Datenschutzerkl\u00e4rung der AMA technology GmbH in Germany","og_url":"https:\/\/ama-technology.de\/press\/data-protection-policy\/","og_site_name":"AMA Technology GmbH","article_publisher":"https:\/\/www.facebook.com\/amatechnologygermany\/","article_modified_time":"2018-11-28T13:40:46+00:00","twitter_card":"summary_large_image","twitter_site":"@Amatechnologie","twitter_misc":{"Gesch\u00e4tzte Lesezeit":"6\u00a0Minuten"},"schema":{"@context":"https:\/\/schema.org","@graph":[{"@type":"WebPage","@id":"https:\/\/ama-technology.de\/press\/data-protection-policy\/","url":"https:\/\/ama-technology.de\/press\/data-protection-policy\/","name":"DATA PROTECTION POLICY - AMA Technology GmbH","isPartOf":{"@id":"https:\/\/ama-technology.de\/press\/#website"},"datePublished":"2017-11-24T21:00:02+00:00","dateModified":"2018-11-28T13:40:46+00:00","description":"Datenschutzinformationen, Datenschutzerkl\u00e4rung der AMA technology GmbH in Germany","breadcrumb":{"@id":"https:\/\/ama-technology.de\/press\/data-protection-policy\/#breadcrumb"},"inLanguage":"de","potentialAction":[{"@type":"ReadAction","target":["https:\/\/ama-technology.de\/press\/data-protection-policy\/"]}]},{"@type":"BreadcrumbList","@id":"https:\/\/ama-technology.de\/press\/data-protection-policy\/#breadcrumb","itemListElement":[{"@type":"ListItem","position":1,"name":"Startseite","item":"https:\/\/ama-technology.de\/press\/"},{"@type":"ListItem","position":2,"name":"DATA PROTECTION POLICY"}]},{"@type":"WebSite","@id":"https:\/\/ama-technology.de\/press\/#website","url":"https:\/\/ama-technology.de\/press\/","name":"AMA Technology GmbH","description":"AMA Technology GmbH is one of the leading EPC companies for Engineering and Planning of PV Projects based in Germany","publisher":{"@id":"https:\/\/ama-technology.de\/press\/#organization"},"potentialAction":[{"@type":"SearchAction","target":{"@type":"EntryPoint","urlTemplate":"https:\/\/ama-technology.de\/press\/?s={search_term_string}"},"query-input":"required name=search_term_string"}],"inLanguage":"de"},{"@type":"Organization","@id":"https:\/\/ama-technology.de\/press\/#organization","name":"AMA Technology GmbH","url":"https:\/\/ama-technology.de\/press\/","sameAs":["https:\/\/www.linkedin.com\/in\/ama-technology-gmbh-a06425116\/","https:\/\/www.facebook.com\/amatechnologygermany\/","https:\/\/twitter.com\/Amatechnologie"],"logo":{"@type":"ImageObject","inLanguage":"de","@id":"https:\/\/ama-technology.de\/press\/#\/schema\/logo\/image\/","url":"https:\/\/i0.wp.com\/ama-technology.de\/press\/wp-content\/uploads\/2018\/11\/AMA-TECHNOLOGY-LOGO-wfRGB25.png?fit=4724%2C2006&ssl=1","contentUrl":"https:\/\/i0.wp.com\/ama-technology.de\/press\/wp-content\/uploads\/2018\/11\/AMA-TECHNOLOGY-LOGO-wfRGB25.png?fit=4724%2C2006&ssl=1","width":4724,"height":2006,"caption":"AMA Technology GmbH"},"image":{"@id":"https:\/\/ama-technology.de\/press\/#\/schema\/logo\/image\/"}}]}},"jetpack_sharing_enabled":true,"jetpack_shortlink":"https:\/\/wp.me\/P9o2fv-2d","jetpack_likes_enabled":true,"jetpack-related-posts":[{"id":199,"url":"https:\/\/ama-technology.de\/press\/imprint\/","url_meta":{"origin":137,"position":0},"title":"IMPRINT","date":"27. November 2017","format":false,"excerpt":"DATA PROTECTION POLICY Datenschutzerkl\u00e4rung AMA Technology GmbH, Alte Amtsstrasse 55, 33100 Paderborn (Germany). E-Mail: contact@ama-technology.com DatenschutzDie Betreiber dieser Seiten nehmen den Schutz Ihrer pers\u00f6nlichen Daten sehr ernst. Wir behandeln Ihre personenbezogenen Daten vertraulich und entsprechend der gesetzlichen Datenschutzvorschriften sowie dieser Datenschutzerkl\u00e4rung.Die Nutzung unserer Website ist in der Regel ohne Angabe\u2026","rel":"","context":"\u00c4hnlicher Beitrag","img":{"alt_text":"","src":"","width":0,"height":0},"classes":[]}],"_links":{"self":[{"href":"https:\/\/ama-technology.de\/press\/wp-json\/wp\/v2\/pages\/137"}],"collection":[{"href":"https:\/\/ama-technology.de\/press\/wp-json\/wp\/v2\/pages"}],"about":[{"href":"https:\/\/ama-technology.de\/press\/wp-json\/wp\/v2\/types\/page"}],"author":[{"embeddable":true,"href":"https:\/\/ama-technology.de\/press\/wp-json\/wp\/v2\/users\/1"}],"replies":[{"embeddable":true,"href":"https:\/\/ama-technology.de\/press\/wp-json\/wp\/v2\/comments?post=137"}],"version-history":[{"count":5,"href":"https:\/\/ama-technology.de\/press\/wp-json\/wp\/v2\/pages\/137\/revisions"}],"predecessor-version":[{"id":457,"href":"https:\/\/ama-technology.de\/press\/wp-json\/wp\/v2\/pages\/137\/revisions\/457"}],"wp:attachment":[{"href":"https:\/\/ama-technology.de\/press\/wp-json\/wp\/v2\/media?parent=137"}],"curies":[{"name":"wp","href":"https:\/\/api.w.org\/{rel}","templated":true}]}}