{"id":199,"date":"2017-11-27T09:44:40","date_gmt":"2017-11-27T08:44:40","guid":{"rendered":"http:\/\/ama.ama-technology.com\/press\/?page_id=199"},"modified":"2022-02-01T02:24:06","modified_gmt":"2022-02-01T01:24:06","slug":"imprint","status":"publish","type":"page","link":"https:\/\/ama-technology.de\/press\/imprint\/","title":{"rendered":"IMPRINT"},"content":{"rendered":"\n<h1 id=\"data-protection-policy\">DATA PROTECTION POLICY<\/h1>\n\n\n\n<p class=\"has-small-font-size\"><strong>Datenschutzerkl\u00e4rung AMA Technology GmbH<\/strong>, Alte Amtsstrasse 55, 33100 Paderborn (Germany). E-Mail: contact@ama-technology.com <br><strong>Datenschutz<\/strong><br>Die Betreiber dieser Seiten nehmen den Schutz Ihrer pers\u00f6nlichen Daten sehr ernst. Wir behandeln Ihre personenbezogenen Daten vertraulich und entsprechend der gesetzlichen Datenschutzvorschriften sowie dieser Datenschutzerkl\u00e4rung.<br>Die Nutzung unserer Website ist in der Regel ohne Angabe personenbezogener Daten m\u00f6glich. Soweit auf unseren Seiten personenbezogene Daten (beispielsweise Name, Anschrift oder E-Mail-Adressen) erhoben werden, erfolgt dies, soweit m\u00f6glich, stets auf freiwilliger Basis. Diese Daten werden ohne Ihre ausdr\u00fcckliche Zustimmung nicht an Dritte weitergegeben.<br>Wir weisen darauf hin, dass die Daten\u00fcbertragung im Internet (z.B. bei der Kommunikation per E-Mail) Sicherheitsl\u00fccken aufweisen kann. Ein l\u00fcckenloser Schutz der Daten vor dem Zugriff durch Dritte ist nicht m\u00f6glich.<\/p>\n\n\n\n<p class=\"has-small-font-size\"><strong>Cookies<\/strong><br>Die Internetseiten verwenden teilweise so genannte Cookies. Cookies richten auf Ihrem Rechner keinen Schaden an und enthalten keine Viren. Cookies dienen dazu, unser Angebot nutzerfreundlicher, effektiver und sicherer zu machen. Cookies sind kleine Textdateien, die auf Ihrem Rechner abgelegt werden und die Ihr Browser speichert.<br>Die meisten der von uns verwendeten Cookies sind so genannte \u201eSession-Cookies\u201c. Sie werden nach Ende Ihres Besuchs automatisch gel\u00f6scht. Andere Cookies bleiben auf Ihrem Endger\u00e4t gespeichert, bis Sie diese l\u00f6schen. Diese Cookies erm\u00f6glichen es uns, Ihren Browser beim n\u00e4chsten Besuch wiederzukennen. Sie k\u00f6nnen Ihren Browser so einstellen, dass Sie \u00fcber das Setzen von Cookies informiert werden und Cookies nur im Einzelfall erlauben, die Annahme von Cookies f\u00fcr bestimmte F\u00e4lle oder generell ausschlie\u00dfen sowie das automatische L\u00f6schen der Cookies beim Schlie\u00dfen des Browser aktivieren. Bei der Deaktivierung von Cookies kann die Funktionalit\u00e4t dieser Website eingeschr\u00e4nkt sein.<br><\/p>\n\n\n\n<p class=\"has-small-font-size\"><strong>Newsletterdaten<\/strong><br>Wenn Sie den auf der Website angebotenen Newsletter beziehen m\u00f6chten, ben\u00f6tigen wir von Ihnen eine E-Mail-Adresse sowie Informationen, welche uns die \u00dcberpr\u00fcfung gestatten, dass Sie der Inhaber der angegebenen E-Mail-Adresse sind und mit dem Empfang des Newsletters einverstanden sind. Weitere Daten werden nicht erhoben. Diese Daten verwenden wir ausschlie\u00dflich f\u00fcr den Versand der angeforderten Informationen und geben sie nicht an Dritte weiter. Die erteilte Einwilligung zur Speicherung der Daten, der E-Mail-Adresse sowie deren Nutzung zum Versand des Newsletters k\u00f6nnen Sie jederzeit widerrufen, etwa \u00fcber den \u201eAustragen\u201c-Link im Newsletter.<\/p>\n\n\n\n<p><\/p>\n\n\n\n<p class=\"has-small-font-size\"><strong>Facebook-Plugins (Like-Button)<\/strong><br>Auf unseren Seiten sind Plugins des sozialen Netzwerks Facebook, Anbieter Facebook Inc., 1 Hacker Way, Menlo Park, California 94025, USA, integriert. Die Facebook-Plugins erkennen Sie an dem Facebook-Logo oder dem \u201eLike-Button\u201c (\u201eGef\u00e4llt mir\u201c) auf unserer Seite. Eine \u00dcbersicht \u00fcber die Facebook-Plugins finden Sie hier: https:\/\/developers.facebook.com\/docs\/plugins\/.<br>Wenn Sie unsere Seiten besuchen, wird \u00fcber das Plugin eine direkte Verbindung zwischen Ihrem Browser und dem Facebook-Server hergestellt. Facebook erh\u00e4lt dadurch die Information, dass Sie mit Ihrer IP-Adresse unsere Seite besucht haben. Wenn Sie den Facebook \u201eLike-Button\u201c anklicken w\u00e4hrend Sie in Ihrem Facebook-Account eingeloggt sind, k\u00f6nnen Sie die Inhalte unserer Seiten auf Ihrem Facebook-Profil verlinken. Dadurch kann Facebook den Besuch unserer Seiten Ihrem Benutzerkonto zuordnen. Wir weisen darauf hin, dass wir als Anbieter der Seiten keine Kenntnis vom Inhalt der \u00fcbermittelten Daten sowie deren Nutzung durch Facebook erhalten. Weitere Informationen hierzu finden<br>Sie in der Datenschutzerkl\u00e4rung von Facebook unter https:\/\/de-de.facebook.com\/policy.php.<br>Wenn Sie nicht w\u00fcnschen, dass Facebook den Besuch unserer Seiten Ihrem Facebook-Nutzerkonto zuordnen kann, loggen Sie sich bitte aus Ihrem Facebook-Benutzerkonto aus.<br><strong>Twitter<\/strong><br>Auf unseren Seiten sind Funktionen des Dienstes Twitter eingebunden. Diese Funktionen werden angeboten durch die Twitter Inc., 1355 Market Street, Suite 900, San Francisco, CA 94103, USA. Durch das Benutzen von Twitter und der Funktion \u201eRe-Tweet\u201c werden die von Ihnen besuchten Websites mit Ihrem Twitter-Account verkn\u00fcpft und anderen Nutzern bekannt gegeben. Dabei werden auch Daten an Twitter \u00fcbertragen. Wir weisen darauf hin, dass wir als Anbieter der Seiten keine Kenntnis vom Inhalt der \u00fcbermittelten Daten sowie deren Nutzung durch Twitter erhalten. Weitere Informationen hierzu finden Sie<br>in der Datenschutzerkl\u00e4rung von Twitter unter https:\/\/twitter.com\/privacy.<br>Ihre Datenschutzeinstellungen bei Twitter k\u00f6nnen Sie in den Konto-Einstellungen unter:<br>https:\/\/twitter.com\/account\/settings \u00e4ndern.<br><strong>Google+<\/strong><br>Unsere Seiten nutzen Funktionen von Google+. Anbieter ist die Google Inc., 1600 Amphitheatre Parkwal Mountain View, CA 94043, USA.<br>Erfassung und Weitergabe von Informationen: Mithilfe der Google+-Schaltfl\u00e4che k\u00f6nnen Sie<br>Informationen weltweit ver\u00f6ffentlichen. \u00dcber die Google+-Schaltfl\u00e4che erhalten Sie und andere Nutzer personalisierte Inhalte von Google und unseren Partnern. Google speichert sowohl die Information, dass Sie f\u00fcr einen Inhalt +1 gegeben haben, als auch Informationen \u00fcber die Seite, die Sie beim Klicken auf +1 angesehen haben. Ihre +1 k\u00f6nnen als Hinweise zusammen mit Ihrem Profilnamen und Ihrem Foto in Google-Diensten, wie etwa in Suchergebnissen oder in Ihrem Google-Profil, oder an anderen Stellen auf Websites und Anzeigen im Internet eingeblendet werden.<br>Google zeichnet Informationen \u00fcber Ihre +1-Aktivit\u00e4ten auf, um die Google-Dienste f\u00fcr Sie und andere zu verbessern. Um die Google+-Schaltfl\u00e4che verwenden zu k\u00f6nnen, ben\u00f6tigen Sie ein weltweit sichtbares, \u00f6ffentliches Google-Profil, das zumindest den f\u00fcr das Profil gew\u00e4hlten Namen enthalten muss. Dieser Name wird in allen Google-Diensten verwendet. In manchen F\u00e4llen kann dieser Name auch einen anderen Namen ersetzen, den Sie beim Teilen von Inhalten \u00fcber Ihr Google-Konto verwendet haben. Die Identit\u00e4t Ihres Google-Profils kann Nutzern angezeigt werden, die Ihre E-Mail-Adresse kennen oder \u00fcber andere identifizierende Informationen von Ihnen verf\u00fcgen. Verwendung der erfassten Informationen: Neben den oben erl\u00e4uterten Verwendungszwecken werden die von Ihnen bereitgestellten Informationen gem\u00e4\u00df den geltenden Google-Datenschutzbestimmungen genutzt. Google ver\u00f6ffentlicht m\u00f6glicherweise zusammengefasste Statistiken \u00fcber die +1-Aktivit\u00e4ten der<br>Nutzer bzw. gibt diese an Nutzer und Partner weiter, wie etwa Publisher, Inserenten oder verbundene Websites.<br><strong>LinkedIn<\/strong><br>Unsere Website nutzt Funktionen des Netzwerks LinkedIn. Anbieter ist die LinkedIn Corporation, 2029 Stierlin Court, Mountain View, CA 94043, USA. Bei jedem Abruf einer unserer Seiten, die Funktionen von LinkedIn enth\u00e4lt, wird eine Verbindung zu Servern von LinkedIn aufbaut. LinkedIn wird dar\u00fcber informiert, dass Sie unsere Internetseiten mit Ihrer IP-Adresse besucht haben. Wenn Sie den \u201eRecommend-Button\u201c von LinkedIn anklicken und in Ihrem Account bei LinkedIn eingeloggt sind, ist es LinkedIn m\u00f6glich, Ihren Besuch auf unserer Internetseite Ihnen und Ihrem Benutzerkonto zuzuordnen. Wir weisen darauf hin,<br>dass wir als Anbieter der Seiten keine Kenntnis vom Inhalt der \u00fcbermittelten Daten sowie deren Nutzung durch LinkedIn haben.<br>Weitere Informationen hierzu finden Sie in der Datenschutzerkl\u00e4rung von LinkedIn unter:<br>https:\/\/www.linkedin.com\/legal\/privacy-policy<br><strong>XING<\/strong><br>Unsere Website nutzt Funktionen des Netzwerks XING. Anbieter ist die XING AG, Dammtorstra\u00dfe 29-32, 20354 Hamburg, Deutschland. Bei jedem Abruf einer unserer Seiten, die Funktionen von XING enth\u00e4lt, wird eine Verbindung zu Servern von XING hergestellt. Eine Speicherung von personenbezogenen Daten erfolgt dabei nach unserer Kenntnis nicht. Insbesondere werden keine IP-Adressen gespeichert oder das Nutzungsverhalten ausgewertet.<br>Weitere Information zum Datenschutz und dem XING Share-Button finden Sie in der<br>Datenschutzerkl\u00e4rung von XING unter: https:\/\/www.xing.com\/app\/share?op=data_protection<\/p>\n\n\n\n<p><strong>Widerspruch Werbe-Mails<\/strong><br>Der Nutzung von im Rahmen der Impressumspflicht ver\u00f6ffentlichten Kontaktdaten zur \u00dcbersendung von nicht ausdr\u00fccklich angeforderter Werbung und Informationsmaterialien wird hiermit widersprochen. Die<br>Betreiber der Seiten behalten sich ausdr\u00fccklich rechtliche Schritte im Falle der unverlangten Zusendung von Werbeinformationen, etwa durch Spam-E-Mails, vor. <br>Quelle: https:\/\/www.e-recht24.de\/muster-datenschutzerklaerung.html<\/p>\n","protected":false},"excerpt":{"rendered":"<p>DATA PROTECTION POLICY Datenschutzerkl\u00e4rung AMA Technology GmbH, Alte Amtsstrasse 55, 33100 Paderborn (Germany). E-Mail: contact@ama-technology.com DatenschutzDie Betreiber dieser Seiten nehmen den Schutz Ihrer pers\u00f6nlichen Daten sehr<span class=\"excerpt-hellip\"> [\u2026]<\/span><\/p>\n","protected":false},"author":2,"featured_media":0,"parent":0,"menu_order":0,"comment_status":"closed","ping_status":"closed","template":"","meta":[],"yoast_head":"<!-- This site is optimized with the Yoast SEO plugin v19.6 - https:\/\/yoast.com\/wordpress\/plugins\/seo\/ -->\n<title>IMPRINT - AMA Technology GmbH<\/title>\n<meta name=\"robots\" content=\"index, follow, max-snippet:-1, max-image-preview:large, max-video-preview:-1\" \/>\n<link rel=\"canonical\" href=\"https:\/\/ama-technology.de\/press\/imprint\/\" \/>\n<meta property=\"og:locale\" content=\"de_DE\" \/>\n<meta property=\"og:type\" content=\"article\" \/>\n<meta property=\"og:title\" content=\"IMPRINT - AMA Technology GmbH\" \/>\n<meta property=\"og:description\" content=\"DATA PROTECTION POLICY Datenschutzerkl\u00e4rung AMA Technology GmbH, Alte Amtsstrasse 55, 33100 Paderborn (Germany). E-Mail: contact@ama-technology.com DatenschutzDie Betreiber dieser Seiten nehmen den Schutz Ihrer pers\u00f6nlichen Daten sehr [\u2026]\" \/>\n<meta property=\"og:url\" content=\"https:\/\/ama-technology.de\/press\/imprint\/\" \/>\n<meta property=\"og:site_name\" content=\"AMA Technology GmbH\" \/>\n<meta property=\"article:publisher\" content=\"https:\/\/www.facebook.com\/amatechnologygermany\/\" \/>\n<meta property=\"article:modified_time\" content=\"2022-02-01T01:24:06+00:00\" \/>\n<meta name=\"twitter:card\" content=\"summary_large_image\" \/>\n<meta name=\"twitter:site\" content=\"@Amatechnologie\" \/>\n<meta name=\"twitter:label1\" content=\"Gesch\u00e4tzte Lesezeit\" \/>\n\t<meta name=\"twitter:data1\" content=\"6\u00a0Minuten\" \/>\n<script type=\"application\/ld+json\" class=\"yoast-schema-graph\">{\"@context\":\"https:\/\/schema.org\",\"@graph\":[{\"@type\":\"WebPage\",\"@id\":\"https:\/\/ama-technology.de\/press\/imprint\/\",\"url\":\"https:\/\/ama-technology.de\/press\/imprint\/\",\"name\":\"IMPRINT - AMA Technology GmbH\",\"isPartOf\":{\"@id\":\"https:\/\/ama-technology.de\/press\/#website\"},\"datePublished\":\"2017-11-27T08:44:40+00:00\",\"dateModified\":\"2022-02-01T01:24:06+00:00\",\"breadcrumb\":{\"@id\":\"https:\/\/ama-technology.de\/press\/imprint\/#breadcrumb\"},\"inLanguage\":\"de\",\"potentialAction\":[{\"@type\":\"ReadAction\",\"target\":[\"https:\/\/ama-technology.de\/press\/imprint\/\"]}]},{\"@type\":\"BreadcrumbList\",\"@id\":\"https:\/\/ama-technology.de\/press\/imprint\/#breadcrumb\",\"itemListElement\":[{\"@type\":\"ListItem\",\"position\":1,\"name\":\"Startseite\",\"item\":\"https:\/\/ama-technology.de\/press\/\"},{\"@type\":\"ListItem\",\"position\":2,\"name\":\"IMPRINT\"}]},{\"@type\":\"WebSite\",\"@id\":\"https:\/\/ama-technology.de\/press\/#website\",\"url\":\"https:\/\/ama-technology.de\/press\/\",\"name\":\"AMA Technology GmbH\",\"description\":\"AMA Technology GmbH is one of the leading EPC companies for Engineering and Planning of PV Projects based in Germany\",\"publisher\":{\"@id\":\"https:\/\/ama-technology.de\/press\/#organization\"},\"potentialAction\":[{\"@type\":\"SearchAction\",\"target\":{\"@type\":\"EntryPoint\",\"urlTemplate\":\"https:\/\/ama-technology.de\/press\/?s={search_term_string}\"},\"query-input\":\"required name=search_term_string\"}],\"inLanguage\":\"de\"},{\"@type\":\"Organization\",\"@id\":\"https:\/\/ama-technology.de\/press\/#organization\",\"name\":\"AMA Technology GmbH\",\"url\":\"https:\/\/ama-technology.de\/press\/\",\"sameAs\":[\"https:\/\/www.linkedin.com\/in\/ama-technology-gmbh-a06425116\/\",\"https:\/\/www.facebook.com\/amatechnologygermany\/\",\"https:\/\/twitter.com\/Amatechnologie\"],\"logo\":{\"@type\":\"ImageObject\",\"inLanguage\":\"de\",\"@id\":\"https:\/\/ama-technology.de\/press\/#\/schema\/logo\/image\/\",\"url\":\"https:\/\/i0.wp.com\/ama-technology.de\/press\/wp-content\/uploads\/2018\/11\/AMA-TECHNOLOGY-LOGO-wfRGB25.png?fit=4724%2C2006&ssl=1\",\"contentUrl\":\"https:\/\/i0.wp.com\/ama-technology.de\/press\/wp-content\/uploads\/2018\/11\/AMA-TECHNOLOGY-LOGO-wfRGB25.png?fit=4724%2C2006&ssl=1\",\"width\":4724,\"height\":2006,\"caption\":\"AMA Technology GmbH\"},\"image\":{\"@id\":\"https:\/\/ama-technology.de\/press\/#\/schema\/logo\/image\/\"}}]}<\/script>\n<!-- \/ Yoast SEO plugin. -->","yoast_head_json":{"title":"IMPRINT - AMA Technology GmbH","robots":{"index":"index","follow":"follow","max-snippet":"max-snippet:-1","max-image-preview":"max-image-preview:large","max-video-preview":"max-video-preview:-1"},"canonical":"https:\/\/ama-technology.de\/press\/imprint\/","og_locale":"de_DE","og_type":"article","og_title":"IMPRINT - AMA Technology GmbH","og_description":"DATA PROTECTION POLICY Datenschutzerkl\u00e4rung AMA Technology GmbH, Alte Amtsstrasse 55, 33100 Paderborn (Germany). E-Mail: contact@ama-technology.com DatenschutzDie Betreiber dieser Seiten nehmen den Schutz Ihrer pers\u00f6nlichen Daten sehr [\u2026]","og_url":"https:\/\/ama-technology.de\/press\/imprint\/","og_site_name":"AMA Technology GmbH","article_publisher":"https:\/\/www.facebook.com\/amatechnologygermany\/","article_modified_time":"2022-02-01T01:24:06+00:00","twitter_card":"summary_large_image","twitter_site":"@Amatechnologie","twitter_misc":{"Gesch\u00e4tzte Lesezeit":"6\u00a0Minuten"},"schema":{"@context":"https:\/\/schema.org","@graph":[{"@type":"WebPage","@id":"https:\/\/ama-technology.de\/press\/imprint\/","url":"https:\/\/ama-technology.de\/press\/imprint\/","name":"IMPRINT - AMA Technology GmbH","isPartOf":{"@id":"https:\/\/ama-technology.de\/press\/#website"},"datePublished":"2017-11-27T08:44:40+00:00","dateModified":"2022-02-01T01:24:06+00:00","breadcrumb":{"@id":"https:\/\/ama-technology.de\/press\/imprint\/#breadcrumb"},"inLanguage":"de","potentialAction":[{"@type":"ReadAction","target":["https:\/\/ama-technology.de\/press\/imprint\/"]}]},{"@type":"BreadcrumbList","@id":"https:\/\/ama-technology.de\/press\/imprint\/#breadcrumb","itemListElement":[{"@type":"ListItem","position":1,"name":"Startseite","item":"https:\/\/ama-technology.de\/press\/"},{"@type":"ListItem","position":2,"name":"IMPRINT"}]},{"@type":"WebSite","@id":"https:\/\/ama-technology.de\/press\/#website","url":"https:\/\/ama-technology.de\/press\/","name":"AMA Technology GmbH","description":"AMA Technology GmbH is one of the leading EPC companies for Engineering and Planning of PV Projects based in Germany","publisher":{"@id":"https:\/\/ama-technology.de\/press\/#organization"},"potentialAction":[{"@type":"SearchAction","target":{"@type":"EntryPoint","urlTemplate":"https:\/\/ama-technology.de\/press\/?s={search_term_string}"},"query-input":"required name=search_term_string"}],"inLanguage":"de"},{"@type":"Organization","@id":"https:\/\/ama-technology.de\/press\/#organization","name":"AMA Technology GmbH","url":"https:\/\/ama-technology.de\/press\/","sameAs":["https:\/\/www.linkedin.com\/in\/ama-technology-gmbh-a06425116\/","https:\/\/www.facebook.com\/amatechnologygermany\/","https:\/\/twitter.com\/Amatechnologie"],"logo":{"@type":"ImageObject","inLanguage":"de","@id":"https:\/\/ama-technology.de\/press\/#\/schema\/logo\/image\/","url":"https:\/\/i0.wp.com\/ama-technology.de\/press\/wp-content\/uploads\/2018\/11\/AMA-TECHNOLOGY-LOGO-wfRGB25.png?fit=4724%2C2006&ssl=1","contentUrl":"https:\/\/i0.wp.com\/ama-technology.de\/press\/wp-content\/uploads\/2018\/11\/AMA-TECHNOLOGY-LOGO-wfRGB25.png?fit=4724%2C2006&ssl=1","width":4724,"height":2006,"caption":"AMA Technology GmbH"},"image":{"@id":"https:\/\/ama-technology.de\/press\/#\/schema\/logo\/image\/"}}]}},"jetpack_sharing_enabled":true,"jetpack_shortlink":"https:\/\/wp.me\/P9o2fv-3d","jetpack_likes_enabled":true,"jetpack-related-posts":[{"id":137,"url":"https:\/\/ama-technology.de\/press\/data-protection-policy\/","url_meta":{"origin":199,"position":0},"title":"DATA PROTECTION POLICY","date":"24. November 2017","format":false,"excerpt":"Datenschutzerkl\u00e4rung AMA Technology GmbH Datenschutz Die Betreiber dieser Seiten nehmen den Schutz Ihrer pers\u00f6nlichen Daten sehr ernst. Wir behandeln Ihre personenbezogenen Daten vertraulich und entsprechend der gesetzlichen Datenschutzvorschriften sowie dieser Datenschutzerkl\u00e4rung. Die Nutzung unserer Website ist in der Regel ohne Angabe personenbezogener Daten m\u00f6glich. Soweit auf unseren Seiten personenbezogene Daten\u2026","rel":"","context":"\u00c4hnlicher Beitrag","img":{"alt_text":"","src":"","width":0,"height":0},"classes":[]},{"id":795,"url":"https:\/\/ama-technology.de\/press\/ama-technology-de-press-about-us\/","url_meta":{"origin":199,"position":1},"title":"About-us","date":"20. September 2019","format":false,"excerpt":"AMA Technology GmbH is headquartered in 33100 Paderborn (NRW \/ Germany). Branch: Koenigsplatz 15, 33098 Paderborn (NRW \/ Germany). Engineering, Planning & Supplying Photovoltaic Projects for Europe and MENA Region. AMA technology GmbH: \"We are calculating with sunshine...\"","rel":"","context":"\u00c4hnlicher Beitrag","img":{"alt_text":"","src":"","width":0,"height":0},"classes":[]},{"id":2,"url":"https:\/\/ama-technology.de\/press\/","url_meta":{"origin":199,"position":2},"title":"AMA technology GmbH","date":"8. M\u00e4rz 2017","format":false,"excerpt":"","rel":"","context":"\u00c4hnlicher Beitrag","img":{"alt_text":"","src":"","width":0,"height":0},"classes":[]},{"id":615,"url":"https:\/\/ama-technology.de\/press\/home-3\/contact-details\/","url_meta":{"origin":199,"position":3},"title":"Contact details","date":"19. September 2019","format":false,"excerpt":"Wir \u2013 AMA technology GmbH \u2013 planen gern Ihre neue Hochleistungs-Solaranlage","rel":"","context":"\u00c4hnlicher Beitrag","img":{"alt_text":"Fotovoltaikmodule \u2013 hier dachintegriert","src":"https:\/\/i0.wp.com\/ama-technology.de\/press\/wp-content\/uploads\/2018\/02\/Integration-265-P60-GlassGlass.png?fit=1200%2C900&ssl=1&resize=350%2C200","width":350,"height":200},"classes":[]},{"id":101,"url":"https:\/\/ama-technology.de\/press\/photovoltaic-technology\/","url_meta":{"origin":199,"position":4},"title":"OUR PROJECTS","date":"9. M\u00e4rz 2017","format":false,"excerpt":"","rel":"","context":"\u00c4hnlicher Beitrag","img":{"alt_text":"","src":"","width":0,"height":0},"classes":[]},{"id":446,"url":"https:\/\/ama-technology.de\/press\/home-2-2\/","url_meta":{"origin":199,"position":5},"title":"HOME","date":"22. November 2018","format":false,"excerpt":"","rel":"","context":"\u00c4hnlicher Beitrag","img":{"alt_text":"","src":"","width":0,"height":0},"classes":[]}],"_links":{"self":[{"href":"https:\/\/ama-technology.de\/press\/wp-json\/wp\/v2\/pages\/199"}],"collection":[{"href":"https:\/\/ama-technology.de\/press\/wp-json\/wp\/v2\/pages"}],"about":[{"href":"https:\/\/ama-technology.de\/press\/wp-json\/wp\/v2\/types\/page"}],"author":[{"embeddable":true,"href":"https:\/\/ama-technology.de\/press\/wp-json\/wp\/v2\/users\/2"}],"replies":[{"embeddable":true,"href":"https:\/\/ama-technology.de\/press\/wp-json\/wp\/v2\/comments?post=199"}],"version-history":[{"count":3,"href":"https:\/\/ama-technology.de\/press\/wp-json\/wp\/v2\/pages\/199\/revisions"}],"predecessor-version":[{"id":837,"href":"https:\/\/ama-technology.de\/press\/wp-json\/wp\/v2\/pages\/199\/revisions\/837"}],"wp:attachment":[{"href":"https:\/\/ama-technology.de\/press\/wp-json\/wp\/v2\/media?parent=199"}],"curies":[{"name":"wp","href":"https:\/\/api.w.org\/{rel}","templated":true}]}}